{"id":13559,"date":"2026-04-14T02:19:21","date_gmt":"2026-04-14T02:19:21","guid":{"rendered":"https:\/\/productbroker.shop\/?post_type=product&#038;p=13559"},"modified":"2026-04-14T02:24:53","modified_gmt":"2026-04-14T02:24:53","slug":"2026-ultima-version-luz-emergencia-v16-coche-iluminacion-de-alta-potencia-luces-mergencia-v16","status":"publish","type":"product","link":"https:\/\/productbroker.shop\/es\/producto\/2026-ultima-version-luz-emergencia-v16-coche-iluminacion-de-alta-potencia-luces-mergencia-v16\/","title":{"rendered":"2026 Ultima Version Luz Emergencia v16 Coche Iluminaci\u00f3n de Alta Potencia Luces Mergencia V16."},"content":{"rendered":"<div data-elementor-type=\"product-post\" data-elementor-id=\"13559\" class=\"elementor elementor-13559\" data-elementor-post-type=\"product\">\n\t\t\t\t<div class=\"elementor-element elementor-element-5438ccd7 e-flex e-con-boxed e-con e-parent\" data-id=\"5438ccd7\" data-element_type=\"container\" data-settings=\"{&quot;ekit_has_onepagescroll_dot&quot;:&quot;yes&quot;}\">\n\t\t\t\t\t<div class=\"e-con-inner\">\n\t\t<div class=\"elementor-element elementor-element-14e49320 e-grid e-con-full e-con e-child\" data-id=\"14e49320\" data-element_type=\"container\" data-settings=\"{&quot;ekit_has_onepagescroll_dot&quot;:&quot;yes&quot;}\">\n\t\t\t\t<div class=\"elementor-element elementor-element-6ffd00f9 elementor-widget elementor-widget-video\" data-id=\"6ffd00f9\" data-element_type=\"widget\" data-settings=\"{&quot;video_type&quot;:&quot;hosted&quot;,&quot;controls&quot;:&quot;yes&quot;,&quot;ekit_we_effect_on&quot;:&quot;none&quot;}\" data-widget_type=\"video.default\">\n\t\t\t\t<div class=\"elementor-widget-container\">\n\t\t\t\t\t\t\t<div class=\"e-hosted-video elementor-wrapper elementor-open-inline\">\n\t\t\t\t\t<video class=\"elementor-video\" src=\"https:\/\/productbroker.shop\/wp-content\/uploads\/2026\/04\/video_2026-04-08_14-11-29.mp4\" controls=\"\" preload=\"metadata\" controlslist=\"nodownload\"><\/video>\n\t\t\t\t<\/div>\n\t\t\t\t\t\t<\/div>\n\t\t\t\t<\/div>\n\t\t\t\t<div class=\"elementor-element elementor-element-1706470c elementor-widget elementor-widget-text-editor\" data-id=\"1706470c\" data-element_type=\"widget\" data-settings=\"{&quot;ekit_we_effect_on&quot;:&quot;none&quot;}\" data-widget_type=\"text-editor.default\">\n\t\t\t\t<div class=\"elementor-widget-container\">\n\t\t\t\t\t\t\t\t\t<div class=\"elementor-widget-container\">\n    # Caracter\u00edsticas y especificaciones\n\n    <div class=\"product-table\">\n        <div class=\"product-row\">\n            <div class=\"product-label\">Tipo de bombilla<\/div>\n            <div class=\"product-value\">Diodo emisor de luz<\/div>\n        <\/div>\n        <div class=\"product-row\">\n            <div class=\"product-label\">Alimentaci\u00f3n y enchufe Descripci\u00f3n<\/div>\n            <div class=\"product-value\">Pila<\/div>\n        <\/div>\n        <div class=\"product-row\">\n            <div class=\"product-label\">Tipo de montaje<\/div>\n            <div class=\"product-value\">Montaje en veh\u00edculo<\/div>\n        <\/div>\n        <div class=\"product-row\">\n            <div class=\"product-label\">N\u00famero de luces<\/div>\n            <div class=\"product-value\">1<\/div>\n        <\/div>\n        <div class=\"product-row\">\n            <div class=\"product-label\">Pilas incluidas<\/div>\n            <div class=\"product-value\">No<\/div>\n        <\/div>\n    <\/div>\n\n    <style>\n    .product-table {\n      width: 100%;\n      border-top: 1px solid #000;\n      font-family: Arial, sans-serif;\n    }\n\n    .product-row {\n      display: flex;\n      border-bottom: 1px solid #000;\n      padding: 12px 0;\n    }\n\n    .product-label {\n      flex: 1;\n      font-weight: bold;\n      min-width: 200px;\n      padding-right: 20px;\n    }\n\n    .product-value {\n      flex: 1;\n      min-width: 200px;\n    }\n    <\/style>\n<\/div>\t\t\t\t\t\t\t\t<\/div>\n\t\t\t\t<\/div>\n\t\t\t\t<\/div>\n\t\t\t\t\t<\/div>\n\t\t\t\t<\/div>\n\t\t<div class=\"elementor-element elementor-element-3ae5587e e-flex e-con-boxed e-con e-parent\" data-id=\"3ae5587e\" data-element_type=\"container\" data-settings=\"{&quot;ekit_has_onepagescroll_dot&quot;:&quot;yes&quot;}\">\n\t\t\t\t\t<div class=\"e-con-inner\">\n\t\t<div class=\"elementor-element elementor-element-7e7b713a e-grid e-con-full e-con e-child\" data-id=\"7e7b713a\" data-element_type=\"container\" data-settings=\"{&quot;ekit_has_onepagescroll_dot&quot;:&quot;yes&quot;}\">\n\t\t\t\t<div class=\"elementor-element elementor-element-a802126 elementor-widget elementor-widget-image\" data-id=\"a802126\" data-element_type=\"widget\" data-settings=\"{&quot;ekit_we_effect_on&quot;:&quot;none&quot;}\" data-widget_type=\"image.default\">\n\t\t\t\t<div class=\"elementor-widget-container\">\n\t\t\t\t\t\t\t\t\t\t\t\t\t\t\t<img loading=\"lazy\" decoding=\"async\" width=\"650\" height=\"350\" src=\"https:\/\/productbroker.shop\/wp-content\/uploads\/2026\/04\/5b563106-14b1-4f40-8b5d-523a2b597e89.__CR0026001400_PT0_SX650_V1___.jpg\" class=\"attachment-full size-full wp-image-13576 wvs-archive-product-image\" alt=\"\" srcset=\"https:\/\/productbroker.shop\/wp-content\/uploads\/2026\/04\/5b563106-14b1-4f40-8b5d-523a2b597e89.__CR0026001400_PT0_SX650_V1___.jpg 650w, https:\/\/productbroker.shop\/wp-content\/uploads\/2026\/04\/5b563106-14b1-4f40-8b5d-523a2b597e89.__CR0026001400_PT0_SX650_V1___-300x162.jpg 300w, https:\/\/productbroker.shop\/wp-content\/uploads\/2026\/04\/5b563106-14b1-4f40-8b5d-523a2b597e89.__CR0026001400_PT0_SX650_V1___-18x10.jpg 18w, https:\/\/productbroker.shop\/wp-content\/uploads\/2026\/04\/5b563106-14b1-4f40-8b5d-523a2b597e89.__CR0026001400_PT0_SX650_V1___-600x323.jpg 600w, https:\/\/productbroker.shop\/wp-content\/uploads\/2026\/04\/5b563106-14b1-4f40-8b5d-523a2b597e89.__CR0026001400_PT0_SX650_V1___-1x1.jpg 1w, https:\/\/productbroker.shop\/wp-content\/uploads\/2026\/04\/5b563106-14b1-4f40-8b5d-523a2b597e89.__CR0026001400_PT0_SX650_V1___-10x5.jpg 10w\" sizes=\"auto, (max-width: 650px) 100vw, 650px\" \/>\t\t\t\t\t\t\t\t\t\t\t\t\t\t\t<\/div>\n\t\t\t\t<\/div>\n\t\t\t\t<div class=\"elementor-element elementor-element-18171ea4 elementor-widget elementor-widget-image\" data-id=\"18171ea4\" data-element_type=\"widget\" data-settings=\"{&quot;ekit_we_effect_on&quot;:&quot;none&quot;}\" data-widget_type=\"image.default\">\n\t\t\t\t<div class=\"elementor-widget-container\">\n\t\t\t\t\t\t\t\t\t\t\t\t\t\t\t<img loading=\"lazy\" decoding=\"async\" width=\"650\" height=\"350\" src=\"https:\/\/productbroker.shop\/wp-content\/uploads\/2026\/04\/bdc64e57-6615-4427-a98e-4f7f2f018eb1.__CR0026001400_PT0_SX650_V1___.jpg\" class=\"attachment-full size-full wp-image-13577 wvs-archive-product-image\" alt=\"\" srcset=\"https:\/\/productbroker.shop\/wp-content\/uploads\/2026\/04\/bdc64e57-6615-4427-a98e-4f7f2f018eb1.__CR0026001400_PT0_SX650_V1___.jpg 650w, https:\/\/productbroker.shop\/wp-content\/uploads\/2026\/04\/bdc64e57-6615-4427-a98e-4f7f2f018eb1.__CR0026001400_PT0_SX650_V1___-300x162.jpg 300w, https:\/\/productbroker.shop\/wp-content\/uploads\/2026\/04\/bdc64e57-6615-4427-a98e-4f7f2f018eb1.__CR0026001400_PT0_SX650_V1___-18x10.jpg 18w, https:\/\/productbroker.shop\/wp-content\/uploads\/2026\/04\/bdc64e57-6615-4427-a98e-4f7f2f018eb1.__CR0026001400_PT0_SX650_V1___-600x323.jpg 600w, https:\/\/productbroker.shop\/wp-content\/uploads\/2026\/04\/bdc64e57-6615-4427-a98e-4f7f2f018eb1.__CR0026001400_PT0_SX650_V1___-1x1.jpg 1w, https:\/\/productbroker.shop\/wp-content\/uploads\/2026\/04\/bdc64e57-6615-4427-a98e-4f7f2f018eb1.__CR0026001400_PT0_SX650_V1___-10x5.jpg 10w\" sizes=\"auto, (max-width: 650px) 100vw, 650px\" \/>\t\t\t\t\t\t\t\t\t\t\t\t\t\t\t<\/div>\n\t\t\t\t<\/div>\n\t\t\t\t<div class=\"elementor-element elementor-element-6990a687 elementor-widget elementor-widget-image\" data-id=\"6990a687\" data-element_type=\"widget\" data-settings=\"{&quot;ekit_we_effect_on&quot;:&quot;none&quot;}\" data-widget_type=\"image.default\">\n\t\t\t\t<div class=\"elementor-widget-container\">\n\t\t\t\t\t\t\t\t\t\t\t\t\t\t\t<img loading=\"lazy\" decoding=\"async\" width=\"650\" height=\"350\" src=\"https:\/\/productbroker.shop\/wp-content\/uploads\/2026\/04\/4c58f40c-8be2-4086-8989-06a5e604d268.__CR0026001400_PT0_SX650_V1___.jpg\" class=\"attachment-full size-full wp-image-13578 wvs-archive-product-image\" alt=\"\" srcset=\"https:\/\/productbroker.shop\/wp-content\/uploads\/2026\/04\/4c58f40c-8be2-4086-8989-06a5e604d268.__CR0026001400_PT0_SX650_V1___.jpg 650w, https:\/\/productbroker.shop\/wp-content\/uploads\/2026\/04\/4c58f40c-8be2-4086-8989-06a5e604d268.__CR0026001400_PT0_SX650_V1___-300x162.jpg 300w, https:\/\/productbroker.shop\/wp-content\/uploads\/2026\/04\/4c58f40c-8be2-4086-8989-06a5e604d268.__CR0026001400_PT0_SX650_V1___-18x10.jpg 18w, https:\/\/productbroker.shop\/wp-content\/uploads\/2026\/04\/4c58f40c-8be2-4086-8989-06a5e604d268.__CR0026001400_PT0_SX650_V1___-600x323.jpg 600w, https:\/\/productbroker.shop\/wp-content\/uploads\/2026\/04\/4c58f40c-8be2-4086-8989-06a5e604d268.__CR0026001400_PT0_SX650_V1___-1x1.jpg 1w, https:\/\/productbroker.shop\/wp-content\/uploads\/2026\/04\/4c58f40c-8be2-4086-8989-06a5e604d268.__CR0026001400_PT0_SX650_V1___-10x5.jpg 10w\" sizes=\"auto, (max-width: 650px) 100vw, 650px\" \/>\t\t\t\t\t\t\t\t\t\t\t\t\t\t\t<\/div>\n\t\t\t\t<\/div>\n\t\t\t\t<div class=\"elementor-element elementor-element-471edf28 elementor-widget elementor-widget-image\" data-id=\"471edf28\" data-element_type=\"widget\" data-settings=\"{&quot;ekit_we_effect_on&quot;:&quot;none&quot;}\" data-widget_type=\"image.default\">\n\t\t\t\t<div class=\"elementor-widget-container\">\n\t\t\t\t\t\t\t\t\t\t\t\t\t\t\t<img loading=\"lazy\" decoding=\"async\" width=\"650\" height=\"350\" src=\"https:\/\/productbroker.shop\/wp-content\/uploads\/2026\/04\/f987a1d5-7238-4d18-b032-2a7b236018ab.__CR0026001400_PT0_SX650_V1___.jpg\" class=\"attachment-full size-full wp-image-13579 wvs-archive-product-image\" alt=\"\" srcset=\"https:\/\/productbroker.shop\/wp-content\/uploads\/2026\/04\/f987a1d5-7238-4d18-b032-2a7b236018ab.__CR0026001400_PT0_SX650_V1___.jpg 650w, https:\/\/productbroker.shop\/wp-content\/uploads\/2026\/04\/f987a1d5-7238-4d18-b032-2a7b236018ab.__CR0026001400_PT0_SX650_V1___-300x162.jpg 300w, https:\/\/productbroker.shop\/wp-content\/uploads\/2026\/04\/f987a1d5-7238-4d18-b032-2a7b236018ab.__CR0026001400_PT0_SX650_V1___-18x10.jpg 18w, https:\/\/productbroker.shop\/wp-content\/uploads\/2026\/04\/f987a1d5-7238-4d18-b032-2a7b236018ab.__CR0026001400_PT0_SX650_V1___-600x323.jpg 600w, https:\/\/productbroker.shop\/wp-content\/uploads\/2026\/04\/f987a1d5-7238-4d18-b032-2a7b236018ab.__CR0026001400_PT0_SX650_V1___-1x1.jpg 1w, https:\/\/productbroker.shop\/wp-content\/uploads\/2026\/04\/f987a1d5-7238-4d18-b032-2a7b236018ab.__CR0026001400_PT0_SX650_V1___-10x5.jpg 10w\" sizes=\"auto, (max-width: 650px) 100vw, 650px\" \/>\t\t\t\t\t\t\t\t\t\t\t\t\t\t\t<\/div>\n\t\t\t\t<\/div>\n\t\t\t\t<\/div>\n\t\t\t\t\t<\/div>\n\t\t\t\t<\/div>\n\t\t<div class=\"elementor-element elementor-element-3244911a e-flex e-con-boxed e-con e-parent\" data-id=\"3244911a\" data-element_type=\"container\" data-settings=\"{&quot;ekit_has_onepagescroll_dot&quot;:&quot;yes&quot;}\">\n\t\t\t\t\t<div class=\"e-con-inner\">\n\t\t\t\t<div class=\"elementor-element elementor-element-4f409a64 elementor-widget elementor-widget-image\" data-id=\"4f409a64\" data-element_type=\"widget\" data-settings=\"{&quot;ekit_we_effect_on&quot;:&quot;none&quot;}\" data-widget_type=\"image.default\">\n\t\t\t\t<div class=\"elementor-widget-container\">\n\t\t\t\t\t\t\t\t\t\t\t\t\t\t\t<img loading=\"lazy\" decoding=\"async\" width=\"1464\" height=\"600\" src=\"https:\/\/productbroker.shop\/wp-content\/uploads\/2026\/04\/07af2e44-3605-4d1b-9c7c-bde639a421a4.__CR001464600_PT0_SX1464_V1___.jpg\" class=\"attachment-full size-full wp-image-13580 wvs-archive-product-image\" alt=\"\" srcset=\"https:\/\/productbroker.shop\/wp-content\/uploads\/2026\/04\/07af2e44-3605-4d1b-9c7c-bde639a421a4.__CR001464600_PT0_SX1464_V1___.jpg 1464w, https:\/\/productbroker.shop\/wp-content\/uploads\/2026\/04\/07af2e44-3605-4d1b-9c7c-bde639a421a4.__CR001464600_PT0_SX1464_V1___-300x123.jpg 300w, https:\/\/productbroker.shop\/wp-content\/uploads\/2026\/04\/07af2e44-3605-4d1b-9c7c-bde639a421a4.__CR001464600_PT0_SX1464_V1___-1024x420.jpg 1024w, https:\/\/productbroker.shop\/wp-content\/uploads\/2026\/04\/07af2e44-3605-4d1b-9c7c-bde639a421a4.__CR001464600_PT0_SX1464_V1___-768x315.jpg 768w, https:\/\/productbroker.shop\/wp-content\/uploads\/2026\/04\/07af2e44-3605-4d1b-9c7c-bde639a421a4.__CR001464600_PT0_SX1464_V1___-18x7.jpg 18w, https:\/\/productbroker.shop\/wp-content\/uploads\/2026\/04\/07af2e44-3605-4d1b-9c7c-bde639a421a4.__CR001464600_PT0_SX1464_V1___-600x246.jpg 600w, https:\/\/productbroker.shop\/wp-content\/uploads\/2026\/04\/07af2e44-3605-4d1b-9c7c-bde639a421a4.__CR001464600_PT0_SX1464_V1___-1x1.jpg 1w, https:\/\/productbroker.shop\/wp-content\/uploads\/2026\/04\/07af2e44-3605-4d1b-9c7c-bde639a421a4.__CR001464600_PT0_SX1464_V1___-10x4.jpg 10w\" sizes=\"auto, (max-width: 1464px) 100vw, 1464px\" \/>\t\t\t\t\t\t\t\t\t\t\t\t\t\t\t<\/div>\n\t\t\t\t<\/div>\n\t\t\t\t\t<\/div>\n\t\t\t\t<\/div>\n\t\t<div class=\"elementor-element elementor-element-676f44da e-flex e-con-boxed e-con e-parent\" data-id=\"676f44da\" data-element_type=\"container\" data-settings=\"{&quot;ekit_has_onepagescroll_dot&quot;:&quot;yes&quot;}\">\n\t\t\t\t\t<div class=\"e-con-inner\">\n\t\t\t\t<div class=\"elementor-element elementor-element-7ee41ea3 elementor--h-position-center elementor--v-position-middle elementor-arrows-position-inside elementor-pagination-position-inside elementor-widget elementor-widget-slides\" data-id=\"7ee41ea3\" data-element_type=\"widget\" data-settings=\"{&quot;navigation&quot;:&quot;both&quot;,&quot;autoplay&quot;:&quot;yes&quot;,&quot;pause_on_hover&quot;:&quot;yes&quot;,&quot;pause_on_interaction&quot;:&quot;yes&quot;,&quot;autoplay_speed&quot;:5000,&quot;infinite&quot;:&quot;yes&quot;,&quot;transition&quot;:&quot;slide&quot;,&quot;transition_speed&quot;:500,&quot;ekit_we_effect_on&quot;:&quot;none&quot;}\" data-widget_type=\"slides.default\">\n\t\t\t\t<div class=\"elementor-widget-container\">\n\t\t\t\t\t\t\t\t\t<div class=\"elementor-swiper\">\r\n\t\t\t\t\t<div class=\"elementor-slides-wrapper elementor-main-swiper swiper\" role=\"region\" aria-roledescription=\"carousel\" aria-label=\"Diapositivas\" dir=\"ltr\" data-animation=\"fadeInUp\">\r\n\t\t\t\t<div class=\"swiper-wrapper elementor-slides\">\r\n\t\t\t\t\t\t\t\t\t\t<div class=\"elementor-repeater-item-9930dfe swiper-slide\" role=\"group\" aria-roledescription=\"slide\"><div class=\"swiper-slide-bg\" role=\"img\" aria-label=\"2.jpg\"><\/div><div class=\"swiper-slide-inner\" ><div class=\"swiper-slide-contents\"><\/div><\/div><\/div><div class=\"elementor-repeater-item-d40542b swiper-slide\" role=\"group\" aria-roledescription=\"slide\"><div class=\"swiper-slide-bg\" role=\"img\" aria-label=\"1-1.jpg\"><\/div><div class=\"swiper-slide-inner\" ><div class=\"swiper-slide-contents\"><\/div><\/div><\/div>\t\t\t\t<\/div>\r\n\t\t\t\t\t\t\t\t\t\t\t\t\t\t\t<div class=\"elementor-swiper-button elementor-swiper-button-prev\" role=\"button\" tabindex=\"0\" aria-label=\"Diapositiva anterior\" data-no-translation-aria-label=\"\">\r\n\t\t\t\t\t\t\t<svg aria-hidden=\"true\" class=\"e-font-icon-svg e-eicon-chevron-left\" viewbox=\"0 0 1000 1000\" xmlns=\"http:\/\/www.w3.org\/2000\/svg\"><path d=\"M646 125C629 125 613 133 604 142L308 442C296 454 292 471 292 487 292 504 296 521 308 533L604 854C617 867 629 875 646 875 663 875 679 871 692 858 704 846 713 829 713 812 713 796 708 779 692 767L438 487 692 225C700 217 708 204 708 187 708 171 704 154 692 142 675 129 663 125 646 125Z\"><\/path><\/svg>\t\t\t\t\t\t<\/div>\r\n\t\t\t\t\t\t<div class=\"elementor-swiper-button elementor-swiper-button-next\" role=\"button\" tabindex=\"0\" aria-label=\"Siguiente diapositiva\" data-no-translation-aria-label=\"\">\r\n\t\t\t\t\t\t\t<svg aria-hidden=\"true\" class=\"e-font-icon-svg e-eicon-chevron-right\" viewbox=\"0 0 1000 1000\" xmlns=\"http:\/\/www.w3.org\/2000\/svg\"><path d=\"M696 533C708 521 713 504 713 487 713 471 708 454 696 446L400 146C388 133 375 125 354 125 338 125 325 129 313 142 300 154 292 171 292 187 292 204 296 221 308 233L563 492 304 771C292 783 288 800 288 817 288 833 296 850 308 863 321 871 338 875 354 875 371 875 388 867 400 854L696 533Z\"><\/path><\/svg>\t\t\t\t\t\t<\/div>\r\n\t\t\t\t\t\t\t\t\t\t\t\t\t\t\t\t<div class=\"swiper-pagination\"><\/div>\r\n\t\t\t\t\t\t\t\t\t\t\t\t<\/div>\r\n\t\t\t\t<\/div>\r\n\t\t\t\t\t\t\t\t<\/div>\n\t\t\t\t<\/div>\n\t\t\t\t\t<\/div>\n\t\t\t\t<\/div>\n\t\t<div class=\"elementor-element elementor-element-4f77b1f4 e-flex e-con-boxed e-con e-parent\" data-id=\"4f77b1f4\" data-element_type=\"container\" data-settings=\"{&quot;ekit_has_onepagescroll_dot&quot;:&quot;yes&quot;}\">\n\t\t\t\t\t<div class=\"e-con-inner\">\n\t\t\t\t<div class=\"elementor-element elementor-element-297a8c5a elementor-widget elementor-widget-image\" data-id=\"297a8c5a\" data-element_type=\"widget\" data-settings=\"{&quot;ekit_we_effect_on&quot;:&quot;none&quot;}\" data-widget_type=\"image.default\">\n\t\t\t\t<div class=\"elementor-widget-container\">\n\t\t\t\t\t\t\t\t\t\t\t\t\t\t\t<img loading=\"lazy\" decoding=\"async\" width=\"1464\" height=\"600\" src=\"https:\/\/productbroker.shop\/wp-content\/uploads\/2026\/04\/8b33f6e1-42cf-4535-bde8-4920b48aa98b.__CR001464600_PT0_SX1464_V1___.jpg\" class=\"attachment-full size-full wp-image-13583 wvs-archive-product-image\" alt=\"\" srcset=\"https:\/\/productbroker.shop\/wp-content\/uploads\/2026\/04\/8b33f6e1-42cf-4535-bde8-4920b48aa98b.__CR001464600_PT0_SX1464_V1___.jpg 1464w, https:\/\/productbroker.shop\/wp-content\/uploads\/2026\/04\/8b33f6e1-42cf-4535-bde8-4920b48aa98b.__CR001464600_PT0_SX1464_V1___-300x123.jpg 300w, https:\/\/productbroker.shop\/wp-content\/uploads\/2026\/04\/8b33f6e1-42cf-4535-bde8-4920b48aa98b.__CR001464600_PT0_SX1464_V1___-1024x420.jpg 1024w, https:\/\/productbroker.shop\/wp-content\/uploads\/2026\/04\/8b33f6e1-42cf-4535-bde8-4920b48aa98b.__CR001464600_PT0_SX1464_V1___-768x315.jpg 768w, https:\/\/productbroker.shop\/wp-content\/uploads\/2026\/04\/8b33f6e1-42cf-4535-bde8-4920b48aa98b.__CR001464600_PT0_SX1464_V1___-18x7.jpg 18w, https:\/\/productbroker.shop\/wp-content\/uploads\/2026\/04\/8b33f6e1-42cf-4535-bde8-4920b48aa98b.__CR001464600_PT0_SX1464_V1___-600x246.jpg 600w, https:\/\/productbroker.shop\/wp-content\/uploads\/2026\/04\/8b33f6e1-42cf-4535-bde8-4920b48aa98b.__CR001464600_PT0_SX1464_V1___-1x1.jpg 1w, https:\/\/productbroker.shop\/wp-content\/uploads\/2026\/04\/8b33f6e1-42cf-4535-bde8-4920b48aa98b.__CR001464600_PT0_SX1464_V1___-10x4.jpg 10w\" sizes=\"auto, (max-width: 1464px) 100vw, 1464px\" \/>\t\t\t\t\t\t\t\t\t\t\t\t\t\t\t<\/div>\n\t\t\t\t<\/div>\n\t\t\t\t<div class=\"elementor-element elementor-element-3cb49bf1 elementor-widget elementor-widget-image\" data-id=\"3cb49bf1\" data-element_type=\"widget\" data-settings=\"{&quot;ekit_we_effect_on&quot;:&quot;none&quot;}\" data-widget_type=\"image.default\">\n\t\t\t\t<div class=\"elementor-widget-container\">\n\t\t\t\t\t\t\t\t\t\t\t\t\t\t\t<img loading=\"lazy\" decoding=\"async\" width=\"1464\" height=\"600\" src=\"https:\/\/productbroker.shop\/wp-content\/uploads\/2026\/04\/a3066a6c-bb45-440d-b338-450335a70eec.__CR001464600_PT0_SX1464_V1___.jpg\" class=\"attachment-full size-full wp-image-13584 wvs-archive-product-image\" alt=\"\" srcset=\"https:\/\/productbroker.shop\/wp-content\/uploads\/2026\/04\/a3066a6c-bb45-440d-b338-450335a70eec.__CR001464600_PT0_SX1464_V1___.jpg 1464w, https:\/\/productbroker.shop\/wp-content\/uploads\/2026\/04\/a3066a6c-bb45-440d-b338-450335a70eec.__CR001464600_PT0_SX1464_V1___-300x123.jpg 300w, https:\/\/productbroker.shop\/wp-content\/uploads\/2026\/04\/a3066a6c-bb45-440d-b338-450335a70eec.__CR001464600_PT0_SX1464_V1___-1024x420.jpg 1024w, https:\/\/productbroker.shop\/wp-content\/uploads\/2026\/04\/a3066a6c-bb45-440d-b338-450335a70eec.__CR001464600_PT0_SX1464_V1___-768x315.jpg 768w, https:\/\/productbroker.shop\/wp-content\/uploads\/2026\/04\/a3066a6c-bb45-440d-b338-450335a70eec.__CR001464600_PT0_SX1464_V1___-18x7.jpg 18w, https:\/\/productbroker.shop\/wp-content\/uploads\/2026\/04\/a3066a6c-bb45-440d-b338-450335a70eec.__CR001464600_PT0_SX1464_V1___-600x246.jpg 600w, https:\/\/productbroker.shop\/wp-content\/uploads\/2026\/04\/a3066a6c-bb45-440d-b338-450335a70eec.__CR001464600_PT0_SX1464_V1___-1x1.jpg 1w, https:\/\/productbroker.shop\/wp-content\/uploads\/2026\/04\/a3066a6c-bb45-440d-b338-450335a70eec.__CR001464600_PT0_SX1464_V1___-10x4.jpg 10w\" sizes=\"auto, (max-width: 1464px) 100vw, 1464px\" \/>\t\t\t\t\t\t\t\t\t\t\t\t\t\t\t<\/div>\n\t\t\t\t<\/div>\n\t\t\t\t<div class=\"elementor-element elementor-element-6d1253ce elementor-widget elementor-widget-image\" data-id=\"6d1253ce\" data-element_type=\"widget\" data-settings=\"{&quot;ekit_we_effect_on&quot;:&quot;none&quot;}\" data-widget_type=\"image.default\">\n\t\t\t\t<div class=\"elementor-widget-container\">\n\t\t\t\t\t\t\t\t\t\t\t\t\t\t\t<img loading=\"lazy\" decoding=\"async\" width=\"1464\" height=\"600\" src=\"https:\/\/productbroker.shop\/wp-content\/uploads\/2026\/04\/795264ff-3a8b-430e-82ab-416084ea6180.__CR001464600_PT0_SX1464_V1___.jpg\" class=\"attachment-full size-full wp-image-13585 wvs-archive-product-image\" alt=\"\" srcset=\"https:\/\/productbroker.shop\/wp-content\/uploads\/2026\/04\/795264ff-3a8b-430e-82ab-416084ea6180.__CR001464600_PT0_SX1464_V1___.jpg 1464w, https:\/\/productbroker.shop\/wp-content\/uploads\/2026\/04\/795264ff-3a8b-430e-82ab-416084ea6180.__CR001464600_PT0_SX1464_V1___-300x123.jpg 300w, https:\/\/productbroker.shop\/wp-content\/uploads\/2026\/04\/795264ff-3a8b-430e-82ab-416084ea6180.__CR001464600_PT0_SX1464_V1___-1024x420.jpg 1024w, https:\/\/productbroker.shop\/wp-content\/uploads\/2026\/04\/795264ff-3a8b-430e-82ab-416084ea6180.__CR001464600_PT0_SX1464_V1___-768x315.jpg 768w, https:\/\/productbroker.shop\/wp-content\/uploads\/2026\/04\/795264ff-3a8b-430e-82ab-416084ea6180.__CR001464600_PT0_SX1464_V1___-18x7.jpg 18w, https:\/\/productbroker.shop\/wp-content\/uploads\/2026\/04\/795264ff-3a8b-430e-82ab-416084ea6180.__CR001464600_PT0_SX1464_V1___-600x246.jpg 600w, https:\/\/productbroker.shop\/wp-content\/uploads\/2026\/04\/795264ff-3a8b-430e-82ab-416084ea6180.__CR001464600_PT0_SX1464_V1___-1x1.jpg 1w, https:\/\/productbroker.shop\/wp-content\/uploads\/2026\/04\/795264ff-3a8b-430e-82ab-416084ea6180.__CR001464600_PT0_SX1464_V1___-10x4.jpg 10w\" sizes=\"auto, (max-width: 1464px) 100vw, 1464px\" \/>\t\t\t\t\t\t\t\t\t\t\t\t\t\t\t<\/div>\n\t\t\t\t<\/div>\n\t\t\t\t<div class=\"elementor-element elementor-element-20e3db46 elementor-widget elementor-widget-image\" data-id=\"20e3db46\" data-element_type=\"widget\" data-settings=\"{&quot;ekit_we_effect_on&quot;:&quot;none&quot;}\" data-widget_type=\"image.default\">\n\t\t\t\t<div class=\"elementor-widget-container\">\n\t\t\t\t\t\t\t\t\t\t\t\t\t\t\t<img loading=\"lazy\" decoding=\"async\" width=\"1464\" height=\"600\" src=\"https:\/\/productbroker.shop\/wp-content\/uploads\/2026\/04\/f6d30fea-8eb3-4970-9753-21881f8c2634.__CR001464600_PT0_SX1464_V1___.jpg\" class=\"attachment-full size-full wp-image-13586 wvs-archive-product-image\" alt=\"\" srcset=\"https:\/\/productbroker.shop\/wp-content\/uploads\/2026\/04\/f6d30fea-8eb3-4970-9753-21881f8c2634.__CR001464600_PT0_SX1464_V1___.jpg 1464w, https:\/\/productbroker.shop\/wp-content\/uploads\/2026\/04\/f6d30fea-8eb3-4970-9753-21881f8c2634.__CR001464600_PT0_SX1464_V1___-300x123.jpg 300w, https:\/\/productbroker.shop\/wp-content\/uploads\/2026\/04\/f6d30fea-8eb3-4970-9753-21881f8c2634.__CR001464600_PT0_SX1464_V1___-1024x420.jpg 1024w, https:\/\/productbroker.shop\/wp-content\/uploads\/2026\/04\/f6d30fea-8eb3-4970-9753-21881f8c2634.__CR001464600_PT0_SX1464_V1___-768x315.jpg 768w, https:\/\/productbroker.shop\/wp-content\/uploads\/2026\/04\/f6d30fea-8eb3-4970-9753-21881f8c2634.__CR001464600_PT0_SX1464_V1___-18x7.jpg 18w, https:\/\/productbroker.shop\/wp-content\/uploads\/2026\/04\/f6d30fea-8eb3-4970-9753-21881f8c2634.__CR001464600_PT0_SX1464_V1___-600x246.jpg 600w, https:\/\/productbroker.shop\/wp-content\/uploads\/2026\/04\/f6d30fea-8eb3-4970-9753-21881f8c2634.__CR001464600_PT0_SX1464_V1___-1x1.jpg 1w, https:\/\/productbroker.shop\/wp-content\/uploads\/2026\/04\/f6d30fea-8eb3-4970-9753-21881f8c2634.__CR001464600_PT0_SX1464_V1___-10x4.jpg 10w\" sizes=\"auto, (max-width: 1464px) 100vw, 1464px\" \/>\t\t\t\t\t\t\t\t\t\t\t\t\t\t\t<\/div>\n\t\t\t\t<\/div>\n\t\t\t\t\t<\/div>\n\t\t\t\t<\/div>\n\t\t\t\t<\/div>","protected":false},"excerpt":{"rendered":"<h1 class=\"a-size-base-plus a-text-bold\">Acerca de este art\u00edculo<\/h1>\n<ul class=\"a-unordered-list a-vertical a-spacing-mini\">\n<li class=\"a-spacing-mini\"><span class=\"a-list-item\">\u3010DGT 2026 Cumplimiento Normativo\u3011\u2192 Baliza V16 Homologada Oficialmente (PC25060170). Garantiza que tu veh\u00edculo cumple con la nueva ley que ser\u00e1 obligatoria a partir de enero de 2026, evitando multas y mejorando la seguridad vial.<\/span><\/li>\n<li class=\"a-spacing-mini\"><span class=\"a-list-item\">\u3010GEOLOCALIZACI\u00d3N Y CONEXI\u00d3N INCLUIDAS HASTA 2038\u3011\u2192 Incluye tarjeta SIM prepago an\u00f3nima con plan de datos V\u00c1LIDA POR 12 A\u00d1OS (hasta 2038). Se activa autom\u00e1ticamente en caso de emergencia, transmitiendo su localizaci\u00f3n exacta a los servicios de socorro de la DGT 3.0. \u2192 \u00a1Sin costes adicionales!<\/span><\/li>\n<\/ul>","protected":false},"featured_media":13562,"comment_status":"open","ping_status":"closed","template":"","meta":{"_acf_changed":false},"etheme_brands":[],"product_brand":[],"product_cat":[127,118],"product_tag":[],"class_list":{"0":"post-13559","1":"product","2":"type-product","3":"status-publish","4":"has-post-thumbnail","6":"product_cat-dao","7":"product_cat-sale-shop","9":"first","10":"instock","11":"sale","12":"shipping-taxable","13":"purchasable","14":"product-type-variable","15":"has-default-attributes","16":"wvs-archive-product-wrapper"},"acf":[],"_links":{"self":[{"href":"https:\/\/productbroker.shop\/es\/wp-json\/wp\/v2\/product\/13559","targetHints":{"allow":["GET"]}}],"collection":[{"href":"https:\/\/productbroker.shop\/es\/wp-json\/wp\/v2\/product"}],"about":[{"href":"https:\/\/productbroker.shop\/es\/wp-json\/wp\/v2\/types\/product"}],"replies":[{"embeddable":true,"href":"https:\/\/productbroker.shop\/es\/wp-json\/wp\/v2\/comments?post=13559"}],"version-history":[{"count":4,"href":"https:\/\/productbroker.shop\/es\/wp-json\/wp\/v2\/product\/13559\/revisions"}],"predecessor-version":[{"id":13592,"href":"https:\/\/productbroker.shop\/es\/wp-json\/wp\/v2\/product\/13559\/revisions\/13592"}],"wp:featuredmedia":[{"embeddable":true,"href":"https:\/\/productbroker.shop\/es\/wp-json\/wp\/v2\/media\/13562"}],"wp:attachment":[{"href":"https:\/\/productbroker.shop\/es\/wp-json\/wp\/v2\/media?parent=13559"}],"wp:term":[{"taxonomy":"brand","embeddable":true,"href":"https:\/\/productbroker.shop\/es\/wp-json\/wp\/v2\/etheme_brands?post=13559"},{"taxonomy":"product_brand","embeddable":true,"href":"https:\/\/productbroker.shop\/es\/wp-json\/wp\/v2\/product_brand?post=13559"},{"taxonomy":"product_cat","embeddable":true,"href":"https:\/\/productbroker.shop\/es\/wp-json\/wp\/v2\/product_cat?post=13559"},{"taxonomy":"product_tag","embeddable":true,"href":"https:\/\/productbroker.shop\/es\/wp-json\/wp\/v2\/product_tag?post=13559"}],"curies":[{"name":"wp","href":"https:\/\/api.w.org\/{rel}","templated":true}]}}