{"id":13268,"date":"2026-02-06T02:26:06","date_gmt":"2026-02-06T02:26:06","guid":{"rendered":"https:\/\/productbroker.shop\/?post_type=product&#038;p=13268"},"modified":"2026-02-06T02:37:01","modified_gmt":"2026-02-06T02:37:01","slug":"a-best-snack-tray-luxury-home-use-living-room-coffee-table-snack-organizer-candy-nut-storage-box-space-saving-solution","status":"publish","type":"product","link":"https:\/\/productbroker.shop\/es\/producto\/a-best-snack-tray-luxury-home-use-living-room-coffee-table-snack-organizer-candy-nut-storage-box-space-saving-solution\/","title":{"rendered":"La mejor bandeja para aperitivos, uso dom\u00e9stico de lujo, organizador de aperitivos para la mesa de caf\u00e9 de la sala de estar, caja de almacenamiento para caramelos y frutos secos, soluci\u00f3n para ahorrar espacio"},"content":{"rendered":"<div data-elementor-type=\"product-post\" data-elementor-id=\"13268\" class=\"elementor elementor-13268\" data-elementor-post-type=\"product\">\n\t\t\t\t<div class=\"elementor-element elementor-element-28a478c7 e-flex e-con-boxed e-con e-parent\" data-id=\"28a478c7\" data-element_type=\"container\" data-settings=\"{&quot;ekit_has_onepagescroll_dot&quot;:&quot;yes&quot;}\">\n\t\t\t\t\t<div class=\"e-con-inner\">\n\t\t\t\t<div class=\"elementor-element elementor-element-6abff5a4 elementor-widget elementor-widget-image\" data-id=\"6abff5a4\" data-element_type=\"widget\" data-settings=\"{&quot;ekit_we_effect_on&quot;:&quot;none&quot;}\" data-widget_type=\"image.default\">\n\t\t\t\t<div class=\"elementor-widget-container\">\n\t\t\t\t\t\t\t\t\t\t\t\t\t\t\t<img loading=\"lazy\" decoding=\"async\" width=\"1024\" height=\"1024\" src=\"https:\/\/productbroker.shop\/wp-content\/uploads\/2026\/02\/S8917db83fff645bab706dcf4d9c125cf2-1-1024x1024.webp\" class=\"attachment-large size-large wp-image-13281 wvs-archive-product-image\" alt=\"\" srcset=\"https:\/\/productbroker.shop\/wp-content\/uploads\/2026\/02\/S8917db83fff645bab706dcf4d9c125cf2-1-1024x1024.webp 1024w, https:\/\/productbroker.shop\/wp-content\/uploads\/2026\/02\/S8917db83fff645bab706dcf4d9c125cf2-1-300x300.webp 300w, https:\/\/productbroker.shop\/wp-content\/uploads\/2026\/02\/S8917db83fff645bab706dcf4d9c125cf2-1-150x150.webp 150w, https:\/\/productbroker.shop\/wp-content\/uploads\/2026\/02\/S8917db83fff645bab706dcf4d9c125cf2-1-768x768.webp 768w, https:\/\/productbroker.shop\/wp-content\/uploads\/2026\/02\/S8917db83fff645bab706dcf4d9c125cf2-1-1536x1536.webp 1536w, https:\/\/productbroker.shop\/wp-content\/uploads\/2026\/02\/S8917db83fff645bab706dcf4d9c125cf2-1-12x12.webp 12w, https:\/\/productbroker.shop\/wp-content\/uploads\/2026\/02\/S8917db83fff645bab706dcf4d9c125cf2-1-600x600.webp 600w, https:\/\/productbroker.shop\/wp-content\/uploads\/2026\/02\/S8917db83fff645bab706dcf4d9c125cf2-1-100x100.webp 100w, https:\/\/productbroker.shop\/wp-content\/uploads\/2026\/02\/S8917db83fff645bab706dcf4d9c125cf2-1-50x50.webp 50w, https:\/\/productbroker.shop\/wp-content\/uploads\/2026\/02\/S8917db83fff645bab706dcf4d9c125cf2-1-1x1.webp 1w, https:\/\/productbroker.shop\/wp-content\/uploads\/2026\/02\/S8917db83fff645bab706dcf4d9c125cf2-1-10x10.webp 10w, https:\/\/productbroker.shop\/wp-content\/uploads\/2026\/02\/S8917db83fff645bab706dcf4d9c125cf2-1.webp 1600w\" sizes=\"auto, (max-width: 1024px) 100vw, 1024px\" \/>\t\t\t\t\t\t\t\t\t\t\t\t\t\t\t<\/div>\n\t\t\t\t<\/div>\n\t\t\t\t<div class=\"elementor-element elementor-element-556c1f3d elementor-widget elementor-widget-image\" data-id=\"556c1f3d\" data-element_type=\"widget\" data-settings=\"{&quot;ekit_we_effect_on&quot;:&quot;none&quot;}\" data-widget_type=\"image.default\">\n\t\t\t\t<div class=\"elementor-widget-container\">\n\t\t\t\t\t\t\t\t\t\t\t\t\t\t\t<img loading=\"lazy\" decoding=\"async\" width=\"1024\" height=\"1024\" src=\"https:\/\/productbroker.shop\/wp-content\/uploads\/2026\/02\/S585ea14c5f1a4bd38e5522454764e9bar-1-1024x1024.webp\" class=\"attachment-large size-large wp-image-13282 wvs-archive-product-image\" alt=\"\" srcset=\"https:\/\/productbroker.shop\/wp-content\/uploads\/2026\/02\/S585ea14c5f1a4bd38e5522454764e9bar-1-1024x1024.webp 1024w, https:\/\/productbroker.shop\/wp-content\/uploads\/2026\/02\/S585ea14c5f1a4bd38e5522454764e9bar-1-300x300.webp 300w, https:\/\/productbroker.shop\/wp-content\/uploads\/2026\/02\/S585ea14c5f1a4bd38e5522454764e9bar-1-150x150.webp 150w, https:\/\/productbroker.shop\/wp-content\/uploads\/2026\/02\/S585ea14c5f1a4bd38e5522454764e9bar-1-768x768.webp 768w, https:\/\/productbroker.shop\/wp-content\/uploads\/2026\/02\/S585ea14c5f1a4bd38e5522454764e9bar-1-1536x1536.webp 1536w, https:\/\/productbroker.shop\/wp-content\/uploads\/2026\/02\/S585ea14c5f1a4bd38e5522454764e9bar-1-12x12.webp 12w, https:\/\/productbroker.shop\/wp-content\/uploads\/2026\/02\/S585ea14c5f1a4bd38e5522454764e9bar-1-600x600.webp 600w, https:\/\/productbroker.shop\/wp-content\/uploads\/2026\/02\/S585ea14c5f1a4bd38e5522454764e9bar-1-100x100.webp 100w, https:\/\/productbroker.shop\/wp-content\/uploads\/2026\/02\/S585ea14c5f1a4bd38e5522454764e9bar-1-50x50.webp 50w, https:\/\/productbroker.shop\/wp-content\/uploads\/2026\/02\/S585ea14c5f1a4bd38e5522454764e9bar-1-1x1.webp 1w, https:\/\/productbroker.shop\/wp-content\/uploads\/2026\/02\/S585ea14c5f1a4bd38e5522454764e9bar-1-10x10.webp 10w, https:\/\/productbroker.shop\/wp-content\/uploads\/2026\/02\/S585ea14c5f1a4bd38e5522454764e9bar-1.webp 1600w\" sizes=\"auto, (max-width: 1024px) 100vw, 1024px\" \/>\t\t\t\t\t\t\t\t\t\t\t\t\t\t\t<\/div>\n\t\t\t\t<\/div>\n\t\t\t\t<div class=\"elementor-element elementor-element-1b7ee0ca elementor-widget elementor-widget-image\" data-id=\"1b7ee0ca\" data-element_type=\"widget\" data-settings=\"{&quot;ekit_we_effect_on&quot;:&quot;none&quot;}\" data-widget_type=\"image.default\">\n\t\t\t\t<div class=\"elementor-widget-container\">\n\t\t\t\t\t\t\t\t\t\t\t\t\t\t\t<img loading=\"lazy\" decoding=\"async\" width=\"1024\" height=\"1024\" src=\"https:\/\/productbroker.shop\/wp-content\/uploads\/2026\/02\/S393a72468c5b4a0e8649050281022869T-1-1024x1024.webp\" class=\"attachment-large size-large wp-image-13283 wvs-archive-product-image\" alt=\"\" srcset=\"https:\/\/productbroker.shop\/wp-content\/uploads\/2026\/02\/S393a72468c5b4a0e8649050281022869T-1-1024x1024.webp 1024w, https:\/\/productbroker.shop\/wp-content\/uploads\/2026\/02\/S393a72468c5b4a0e8649050281022869T-1-300x300.webp 300w, https:\/\/productbroker.shop\/wp-content\/uploads\/2026\/02\/S393a72468c5b4a0e8649050281022869T-1-150x150.webp 150w, https:\/\/productbroker.shop\/wp-content\/uploads\/2026\/02\/S393a72468c5b4a0e8649050281022869T-1-768x768.webp 768w, https:\/\/productbroker.shop\/wp-content\/uploads\/2026\/02\/S393a72468c5b4a0e8649050281022869T-1-1536x1536.webp 1536w, https:\/\/productbroker.shop\/wp-content\/uploads\/2026\/02\/S393a72468c5b4a0e8649050281022869T-1-12x12.webp 12w, https:\/\/productbroker.shop\/wp-content\/uploads\/2026\/02\/S393a72468c5b4a0e8649050281022869T-1-600x600.webp 600w, https:\/\/productbroker.shop\/wp-content\/uploads\/2026\/02\/S393a72468c5b4a0e8649050281022869T-1-100x100.webp 100w, https:\/\/productbroker.shop\/wp-content\/uploads\/2026\/02\/S393a72468c5b4a0e8649050281022869T-1-50x50.webp 50w, https:\/\/productbroker.shop\/wp-content\/uploads\/2026\/02\/S393a72468c5b4a0e8649050281022869T-1-1x1.webp 1w, https:\/\/productbroker.shop\/wp-content\/uploads\/2026\/02\/S393a72468c5b4a0e8649050281022869T-1-10x10.webp 10w, https:\/\/productbroker.shop\/wp-content\/uploads\/2026\/02\/S393a72468c5b4a0e8649050281022869T-1.webp 1600w\" sizes=\"auto, (max-width: 1024px) 100vw, 1024px\" \/>\t\t\t\t\t\t\t\t\t\t\t\t\t\t\t<\/div>\n\t\t\t\t<\/div>\n\t\t\t\t<div class=\"elementor-element elementor-element-2c98062c elementor-widget elementor-widget-image\" data-id=\"2c98062c\" data-element_type=\"widget\" data-settings=\"{&quot;ekit_we_effect_on&quot;:&quot;none&quot;}\" data-widget_type=\"image.default\">\n\t\t\t\t<div class=\"elementor-widget-container\">\n\t\t\t\t\t\t\t\t\t\t\t\t\t\t\t<img loading=\"lazy\" decoding=\"async\" width=\"1024\" height=\"1024\" src=\"https:\/\/productbroker.shop\/wp-content\/uploads\/2026\/02\/Sa6c0c37587bb4980b815dc4ea19339317-1024x1024.webp\" class=\"attachment-large size-large wp-image-13284 wvs-archive-product-image\" alt=\"\" srcset=\"https:\/\/productbroker.shop\/wp-content\/uploads\/2026\/02\/Sa6c0c37587bb4980b815dc4ea19339317-1024x1024.webp 1024w, https:\/\/productbroker.shop\/wp-content\/uploads\/2026\/02\/Sa6c0c37587bb4980b815dc4ea19339317-300x300.webp 300w, https:\/\/productbroker.shop\/wp-content\/uploads\/2026\/02\/Sa6c0c37587bb4980b815dc4ea19339317-150x150.webp 150w, https:\/\/productbroker.shop\/wp-content\/uploads\/2026\/02\/Sa6c0c37587bb4980b815dc4ea19339317-768x768.webp 768w, https:\/\/productbroker.shop\/wp-content\/uploads\/2026\/02\/Sa6c0c37587bb4980b815dc4ea19339317-1536x1536.webp 1536w, https:\/\/productbroker.shop\/wp-content\/uploads\/2026\/02\/Sa6c0c37587bb4980b815dc4ea19339317-12x12.webp 12w, https:\/\/productbroker.shop\/wp-content\/uploads\/2026\/02\/Sa6c0c37587bb4980b815dc4ea19339317-600x600.webp 600w, https:\/\/productbroker.shop\/wp-content\/uploads\/2026\/02\/Sa6c0c37587bb4980b815dc4ea19339317-100x100.webp 100w, https:\/\/productbroker.shop\/wp-content\/uploads\/2026\/02\/Sa6c0c37587bb4980b815dc4ea19339317-50x50.webp 50w, https:\/\/productbroker.shop\/wp-content\/uploads\/2026\/02\/Sa6c0c37587bb4980b815dc4ea19339317-1x1.webp 1w, https:\/\/productbroker.shop\/wp-content\/uploads\/2026\/02\/Sa6c0c37587bb4980b815dc4ea19339317-10x10.webp 10w, https:\/\/productbroker.shop\/wp-content\/uploads\/2026\/02\/Sa6c0c37587bb4980b815dc4ea19339317.webp 1600w\" sizes=\"auto, (max-width: 1024px) 100vw, 1024px\" \/>\t\t\t\t\t\t\t\t\t\t\t\t\t\t\t<\/div>\n\t\t\t\t<\/div>\n\t\t\t\t<div class=\"elementor-element elementor-element-145ba0a8 elementor-widget elementor-widget-image\" data-id=\"145ba0a8\" data-element_type=\"widget\" data-settings=\"{&quot;ekit_we_effect_on&quot;:&quot;none&quot;}\" data-widget_type=\"image.default\">\n\t\t\t\t<div class=\"elementor-widget-container\">\n\t\t\t\t\t\t\t\t\t\t\t\t\t\t\t<img loading=\"lazy\" decoding=\"async\" width=\"1024\" height=\"1024\" src=\"https:\/\/productbroker.shop\/wp-content\/uploads\/2026\/02\/S0c547a37f7af4afcb3497a556297a87dp-1024x1024.webp\" class=\"attachment-large size-large wp-image-13285 wvs-archive-product-image\" alt=\"\" srcset=\"https:\/\/productbroker.shop\/wp-content\/uploads\/2026\/02\/S0c547a37f7af4afcb3497a556297a87dp-1024x1024.webp 1024w, https:\/\/productbroker.shop\/wp-content\/uploads\/2026\/02\/S0c547a37f7af4afcb3497a556297a87dp-300x300.webp 300w, https:\/\/productbroker.shop\/wp-content\/uploads\/2026\/02\/S0c547a37f7af4afcb3497a556297a87dp-150x150.webp 150w, https:\/\/productbroker.shop\/wp-content\/uploads\/2026\/02\/S0c547a37f7af4afcb3497a556297a87dp-768x768.webp 768w, https:\/\/productbroker.shop\/wp-content\/uploads\/2026\/02\/S0c547a37f7af4afcb3497a556297a87dp-1536x1536.webp 1536w, https:\/\/productbroker.shop\/wp-content\/uploads\/2026\/02\/S0c547a37f7af4afcb3497a556297a87dp-12x12.webp 12w, https:\/\/productbroker.shop\/wp-content\/uploads\/2026\/02\/S0c547a37f7af4afcb3497a556297a87dp-600x600.webp 600w, https:\/\/productbroker.shop\/wp-content\/uploads\/2026\/02\/S0c547a37f7af4afcb3497a556297a87dp-100x100.webp 100w, https:\/\/productbroker.shop\/wp-content\/uploads\/2026\/02\/S0c547a37f7af4afcb3497a556297a87dp-50x50.webp 50w, https:\/\/productbroker.shop\/wp-content\/uploads\/2026\/02\/S0c547a37f7af4afcb3497a556297a87dp-1x1.webp 1w, https:\/\/productbroker.shop\/wp-content\/uploads\/2026\/02\/S0c547a37f7af4afcb3497a556297a87dp-10x10.webp 10w, https:\/\/productbroker.shop\/wp-content\/uploads\/2026\/02\/S0c547a37f7af4afcb3497a556297a87dp.webp 1600w\" sizes=\"auto, (max-width: 1024px) 100vw, 1024px\" \/>\t\t\t\t\t\t\t\t\t\t\t\t\t\t\t<\/div>\n\t\t\t\t<\/div>\n\t\t\t\t<div class=\"elementor-element elementor-element-4d88031f elementor-widget elementor-widget-image\" data-id=\"4d88031f\" data-element_type=\"widget\" data-settings=\"{&quot;ekit_we_effect_on&quot;:&quot;none&quot;}\" data-widget_type=\"image.default\">\n\t\t\t\t<div class=\"elementor-widget-container\">\n\t\t\t\t\t\t\t\t\t\t\t\t\t\t\t<img loading=\"lazy\" decoding=\"async\" width=\"1024\" height=\"1024\" src=\"https:\/\/productbroker.shop\/wp-content\/uploads\/2026\/02\/S6b95ae657d5b42b985bae7fa511323aff-1024x1024.webp\" class=\"attachment-large size-large wp-image-13286 wvs-archive-product-image\" alt=\"\" srcset=\"https:\/\/productbroker.shop\/wp-content\/uploads\/2026\/02\/S6b95ae657d5b42b985bae7fa511323aff-1024x1024.webp 1024w, https:\/\/productbroker.shop\/wp-content\/uploads\/2026\/02\/S6b95ae657d5b42b985bae7fa511323aff-300x300.webp 300w, https:\/\/productbroker.shop\/wp-content\/uploads\/2026\/02\/S6b95ae657d5b42b985bae7fa511323aff-150x150.webp 150w, https:\/\/productbroker.shop\/wp-content\/uploads\/2026\/02\/S6b95ae657d5b42b985bae7fa511323aff-768x768.webp 768w, https:\/\/productbroker.shop\/wp-content\/uploads\/2026\/02\/S6b95ae657d5b42b985bae7fa511323aff-1536x1536.webp 1536w, https:\/\/productbroker.shop\/wp-content\/uploads\/2026\/02\/S6b95ae657d5b42b985bae7fa511323aff-12x12.webp 12w, https:\/\/productbroker.shop\/wp-content\/uploads\/2026\/02\/S6b95ae657d5b42b985bae7fa511323aff-600x600.webp 600w, https:\/\/productbroker.shop\/wp-content\/uploads\/2026\/02\/S6b95ae657d5b42b985bae7fa511323aff-100x100.webp 100w, https:\/\/productbroker.shop\/wp-content\/uploads\/2026\/02\/S6b95ae657d5b42b985bae7fa511323aff-50x50.webp 50w, https:\/\/productbroker.shop\/wp-content\/uploads\/2026\/02\/S6b95ae657d5b42b985bae7fa511323aff-1x1.webp 1w, https:\/\/productbroker.shop\/wp-content\/uploads\/2026\/02\/S6b95ae657d5b42b985bae7fa511323aff-10x10.webp 10w, https:\/\/productbroker.shop\/wp-content\/uploads\/2026\/02\/S6b95ae657d5b42b985bae7fa511323aff.webp 1600w\" sizes=\"auto, (max-width: 1024px) 100vw, 1024px\" \/>\t\t\t\t\t\t\t\t\t\t\t\t\t\t\t<\/div>\n\t\t\t\t<\/div>\n\t\t\t\t<div class=\"elementor-element elementor-element-40be67e elementor-widget elementor-widget-image\" data-id=\"40be67e\" data-element_type=\"widget\" data-settings=\"{&quot;ekit_we_effect_on&quot;:&quot;none&quot;}\" data-widget_type=\"image.default\">\n\t\t\t\t<div class=\"elementor-widget-container\">\n\t\t\t\t\t\t\t\t\t\t\t\t\t\t\t<img loading=\"lazy\" decoding=\"async\" width=\"1024\" height=\"1024\" src=\"https:\/\/productbroker.shop\/wp-content\/uploads\/2026\/02\/Sff48e7a6b2924838a92fb0b5f54faea9f-1024x1024.webp\" class=\"attachment-large size-large wp-image-13287 wvs-archive-product-image\" alt=\"\" srcset=\"https:\/\/productbroker.shop\/wp-content\/uploads\/2026\/02\/Sff48e7a6b2924838a92fb0b5f54faea9f-1024x1024.webp 1024w, https:\/\/productbroker.shop\/wp-content\/uploads\/2026\/02\/Sff48e7a6b2924838a92fb0b5f54faea9f-300x300.webp 300w, https:\/\/productbroker.shop\/wp-content\/uploads\/2026\/02\/Sff48e7a6b2924838a92fb0b5f54faea9f-150x150.webp 150w, https:\/\/productbroker.shop\/wp-content\/uploads\/2026\/02\/Sff48e7a6b2924838a92fb0b5f54faea9f-768x768.webp 768w, https:\/\/productbroker.shop\/wp-content\/uploads\/2026\/02\/Sff48e7a6b2924838a92fb0b5f54faea9f-1536x1536.webp 1536w, https:\/\/productbroker.shop\/wp-content\/uploads\/2026\/02\/Sff48e7a6b2924838a92fb0b5f54faea9f-12x12.webp 12w, https:\/\/productbroker.shop\/wp-content\/uploads\/2026\/02\/Sff48e7a6b2924838a92fb0b5f54faea9f-600x600.webp 600w, https:\/\/productbroker.shop\/wp-content\/uploads\/2026\/02\/Sff48e7a6b2924838a92fb0b5f54faea9f-100x100.webp 100w, https:\/\/productbroker.shop\/wp-content\/uploads\/2026\/02\/Sff48e7a6b2924838a92fb0b5f54faea9f-50x50.webp 50w, https:\/\/productbroker.shop\/wp-content\/uploads\/2026\/02\/Sff48e7a6b2924838a92fb0b5f54faea9f-1x1.webp 1w, https:\/\/productbroker.shop\/wp-content\/uploads\/2026\/02\/Sff48e7a6b2924838a92fb0b5f54faea9f-10x10.webp 10w, https:\/\/productbroker.shop\/wp-content\/uploads\/2026\/02\/Sff48e7a6b2924838a92fb0b5f54faea9f.webp 1600w\" sizes=\"auto, (max-width: 1024px) 100vw, 1024px\" \/>\t\t\t\t\t\t\t\t\t\t\t\t\t\t\t<\/div>\n\t\t\t\t<\/div>\n\t\t\t\t<div class=\"elementor-element elementor-element-107c04d3 elementor-widget elementor-widget-image\" data-id=\"107c04d3\" data-element_type=\"widget\" data-settings=\"{&quot;ekit_we_effect_on&quot;:&quot;none&quot;}\" data-widget_type=\"image.default\">\n\t\t\t\t<div class=\"elementor-widget-container\">\n\t\t\t\t\t\t\t\t\t\t\t\t\t\t\t<img loading=\"lazy\" decoding=\"async\" width=\"1024\" height=\"1024\" src=\"https:\/\/productbroker.shop\/wp-content\/uploads\/2026\/02\/Sc4c849c7a7fd42d885fbb34b9d5dff544-1024x1024.webp\" class=\"attachment-large size-large wp-image-13288 wvs-archive-product-image\" alt=\"\" srcset=\"https:\/\/productbroker.shop\/wp-content\/uploads\/2026\/02\/Sc4c849c7a7fd42d885fbb34b9d5dff544-1024x1024.webp 1024w, https:\/\/productbroker.shop\/wp-content\/uploads\/2026\/02\/Sc4c849c7a7fd42d885fbb34b9d5dff544-300x300.webp 300w, https:\/\/productbroker.shop\/wp-content\/uploads\/2026\/02\/Sc4c849c7a7fd42d885fbb34b9d5dff544-150x150.webp 150w, https:\/\/productbroker.shop\/wp-content\/uploads\/2026\/02\/Sc4c849c7a7fd42d885fbb34b9d5dff544-768x768.webp 768w, https:\/\/productbroker.shop\/wp-content\/uploads\/2026\/02\/Sc4c849c7a7fd42d885fbb34b9d5dff544-1536x1536.webp 1536w, https:\/\/productbroker.shop\/wp-content\/uploads\/2026\/02\/Sc4c849c7a7fd42d885fbb34b9d5dff544-12x12.webp 12w, https:\/\/productbroker.shop\/wp-content\/uploads\/2026\/02\/Sc4c849c7a7fd42d885fbb34b9d5dff544-600x600.webp 600w, https:\/\/productbroker.shop\/wp-content\/uploads\/2026\/02\/Sc4c849c7a7fd42d885fbb34b9d5dff544-100x100.webp 100w, https:\/\/productbroker.shop\/wp-content\/uploads\/2026\/02\/Sc4c849c7a7fd42d885fbb34b9d5dff544-50x50.webp 50w, https:\/\/productbroker.shop\/wp-content\/uploads\/2026\/02\/Sc4c849c7a7fd42d885fbb34b9d5dff544-1x1.webp 1w, https:\/\/productbroker.shop\/wp-content\/uploads\/2026\/02\/Sc4c849c7a7fd42d885fbb34b9d5dff544-10x10.webp 10w, https:\/\/productbroker.shop\/wp-content\/uploads\/2026\/02\/Sc4c849c7a7fd42d885fbb34b9d5dff544.webp 1600w\" sizes=\"auto, (max-width: 1024px) 100vw, 1024px\" \/>\t\t\t\t\t\t\t\t\t\t\t\t\t\t\t<\/div>\n\t\t\t\t<\/div>\n\t\t\t\t<div class=\"elementor-element elementor-element-5b7958a5 elementor-widget elementor-widget-image\" data-id=\"5b7958a5\" data-element_type=\"widget\" data-settings=\"{&quot;ekit_we_effect_on&quot;:&quot;none&quot;}\" data-widget_type=\"image.default\">\n\t\t\t\t<div class=\"elementor-widget-container\">\n\t\t\t\t\t\t\t\t\t\t\t\t\t\t\t<img loading=\"lazy\" decoding=\"async\" width=\"1024\" height=\"1024\" src=\"https:\/\/productbroker.shop\/wp-content\/uploads\/2026\/02\/Sb23ac64309b646fb97ec16281db60c07y-1024x1024.webp\" class=\"attachment-large size-large wp-image-13289 wvs-archive-product-image\" alt=\"\" srcset=\"https:\/\/productbroker.shop\/wp-content\/uploads\/2026\/02\/Sb23ac64309b646fb97ec16281db60c07y-1024x1024.webp 1024w, https:\/\/productbroker.shop\/wp-content\/uploads\/2026\/02\/Sb23ac64309b646fb97ec16281db60c07y-300x300.webp 300w, https:\/\/productbroker.shop\/wp-content\/uploads\/2026\/02\/Sb23ac64309b646fb97ec16281db60c07y-150x150.webp 150w, https:\/\/productbroker.shop\/wp-content\/uploads\/2026\/02\/Sb23ac64309b646fb97ec16281db60c07y-768x768.webp 768w, https:\/\/productbroker.shop\/wp-content\/uploads\/2026\/02\/Sb23ac64309b646fb97ec16281db60c07y-1536x1536.webp 1536w, https:\/\/productbroker.shop\/wp-content\/uploads\/2026\/02\/Sb23ac64309b646fb97ec16281db60c07y-12x12.webp 12w, https:\/\/productbroker.shop\/wp-content\/uploads\/2026\/02\/Sb23ac64309b646fb97ec16281db60c07y-600x600.webp 600w, https:\/\/productbroker.shop\/wp-content\/uploads\/2026\/02\/Sb23ac64309b646fb97ec16281db60c07y-100x100.webp 100w, https:\/\/productbroker.shop\/wp-content\/uploads\/2026\/02\/Sb23ac64309b646fb97ec16281db60c07y-50x50.webp 50w, https:\/\/productbroker.shop\/wp-content\/uploads\/2026\/02\/Sb23ac64309b646fb97ec16281db60c07y-1x1.webp 1w, https:\/\/productbroker.shop\/wp-content\/uploads\/2026\/02\/Sb23ac64309b646fb97ec16281db60c07y-10x10.webp 10w, https:\/\/productbroker.shop\/wp-content\/uploads\/2026\/02\/Sb23ac64309b646fb97ec16281db60c07y.webp 1600w\" sizes=\"auto, (max-width: 1024px) 100vw, 1024px\" \/>\t\t\t\t\t\t\t\t\t\t\t\t\t\t\t<\/div>\n\t\t\t\t<\/div>\n\t\t\t\t<div class=\"elementor-element elementor-element-1974c20a elementor-widget elementor-widget-text-editor\" data-id=\"1974c20a\" data-element_type=\"widget\" data-settings=\"{&quot;ekit_we_effect_on&quot;:&quot;none&quot;}\" data-widget_type=\"text-editor.default\">\n\t\t\t\t<div class=\"elementor-widget-container\">\n\t\t\t\t\t\t\t\t\t<!DOCTYPE html>\n<html>\n<head>\n    <meta charset=\"UTF-8\">\n    <meta name=\"viewport\" content=\"width=device-width, initial-scale=1.0\">\n    <style>\n        \/* \u89c4\u683c\u8868\u683c\u6838\u5fc3\u6837\u5f0f\uff0c\u65e0\u5197\u4f59\u4ee3\u7801 *\/\n        .spec-table {\n            width: 100%; \/* \u5360\u6ee1\u7236\u5bb9\u5668\uff0c\u53ef\u6539\u56fa\u5b9a\u503c\u5982500px *\/\n            border-collapse: collapse; \/* \u5173\u952e\uff1a\u8ba9\u4e0b\u5212\u7ebf\u65e0\u7f1d\u8d2f\u7a7f\u6574\u884c *\/\n            font-family: Arial, sans-serif;\n            font-size: 14px;\n        }\n        \/* \u6bcf\u884c\u5e95\u90e8\u9ed1\u8272\u4e0b\u5212\u7ebf\uff0c\u8d2f\u7a7f\u5de6\u53f3\u5217\u65e0\u65ad\u88c2 *\/\n        .spec-table tr {\n            border-bottom: 1px solid #000;\n        }\n        \/* \u5355\u5143\u683c\u6837\u5f0f\uff1a\u4e25\u683c\u5de6\u5bf9\u9f50\u3001\u7d27\u51d1\u4e0a\u4e0b\u95f4\u8ddd\u3001\u6587\u5b57\u5782\u76f4\u5c45\u4e2d *\/\n        .spec-table td {\n            padding: 6px 0; \/* \u4ec5\u4e0a\u4e0b\u7559\u95f4\u8ddd\uff0c\u5de6\u53f3\u65e0\u5185\u8fb9\u8ddd\u4fdd\u8bc1\u7d27\u8d34\u5de6\u4fa7 *\/\n            text-align: left;\n            vertical-align: middle;\n            border: 0; \/* \u6e05\u9664\u9ed8\u8ba4\u8fb9\u6846\uff0c\u907f\u514d\u4e0b\u5212\u7ebf\u65ad\u88c2 *\/\n        }\n        \/* \u5de6\u5217\u5c5e\u6027\u540d\u52a0\u7c97\uff0c50%\u5bbd\u5ea6\u4e24\u5217\u7b49\u5206\uff0c\u5e03\u5c40\u89c4\u6574 *\/\n        .spec-table td:first-child {\n            font-weight: bold;\n            width: 50%;\n        }\n        \/* None\u503c\u4e13\u5c5e\u6837\u5f0f\uff1a\u7070\u8272\u659c\u4f53\uff0c\u548c\u666e\u901a\u503c\u89c6\u89c9\u533a\u5206 *\/\n        .none-value {\n            color: #666;\n            font-style: italic;\n        }\n    <\/style>\n<\/head>\n<body>\n    <table class=\"spec-table\">\n        <tr>\n            <td>Especificaciones<\/td>\n            <td><\/td> <!-- \u6807\u9898\u884c\u53f3\u4fa7\u7559\u7a7a\uff0c\u4fdd\u6301\u4e24\u5217\u7ed3\u6784 -->\n        <\/tr>\n        <tr>\n            <td>Sustancias qu\u00edmicas muy preocupantes<\/td>\n            <td class=\"none-value\">Ninguno<\/td>\n        <\/tr>\n        <tr>\n            <td>Material<\/td>\n            <td>Pl\u00e1stico<\/td>\n        <\/tr>\n        <tr>\n            <td>Origen<\/td>\n            <td>Otros pa\u00edses<\/td>\n        <\/tr>\n        <tr>\n            <td>Especificaci\u00f3n 1<\/td>\n            <td>Bandeja de frutas<\/td>\n        <\/tr>\n        <tr>\n            <td>Especificaci\u00f3n 2<\/td>\n            <td>Plato de servicio dividido<\/td>\n        <\/tr>\n        <tr>\n            <td>Especificaci\u00f3n 3<\/td>\n            <td>Candy Platter Box<\/td>\n        <\/tr>\n        <tr>\n            <td>Especificaci\u00f3n 4<\/td>\n            <td>Plato de almacenaje con compartimentos<\/td>\n        <\/tr>\n        <tr>\n            <td>Especificaci\u00f3n 5<\/td>\n            <td>Recipiente de pl\u00e1stico para aperitivos<\/td>\n        <\/tr>\n    <\/table>\n<\/body>\n<\/html>\t\t\t\t\t\t\t\t<\/div>\n\t\t\t\t<\/div>\n\t\t\t\t\t<\/div>\n\t\t\t\t<\/div>\n\t\t\t\t<\/div>","protected":false},"excerpt":{"rendered":"<p>Specifications High-concerned chemical None Material Plastic Origin Other countires Specification 1 Snack Fruit Tray Specification 2 Divided Serving Plate Specification&#8230;<\/p>","protected":false},"featured_media":13272,"comment_status":"open","ping_status":"closed","template":"","meta":{"_acf_changed":false},"etheme_brands":[],"product_brand":[],"product_cat":[118],"product_tag":[],"class_list":{"0":"post-13268","1":"product","2":"type-product","3":"status-publish","4":"has-post-thumbnail","6":"product_cat-sale-shop","8":"first","9":"instock","10":"sale","11":"shipping-taxable","12":"purchasable","13":"product-type-variable","14":"has-default-attributes","15":"wvs-archive-product-wrapper"},"acf":[],"_links":{"self":[{"href":"https:\/\/productbroker.shop\/es\/wp-json\/wp\/v2\/product\/13268","targetHints":{"allow":["GET"]}}],"collection":[{"href":"https:\/\/productbroker.shop\/es\/wp-json\/wp\/v2\/product"}],"about":[{"href":"https:\/\/productbroker.shop\/es\/wp-json\/wp\/v2\/types\/product"}],"replies":[{"embeddable":true,"href":"https:\/\/productbroker.shop\/es\/wp-json\/wp\/v2\/comments?post=13268"}],"version-history":[{"count":4,"href":"https:\/\/productbroker.shop\/es\/wp-json\/wp\/v2\/product\/13268\/revisions"}],"predecessor-version":[{"id":13297,"href":"https:\/\/productbroker.shop\/es\/wp-json\/wp\/v2\/product\/13268\/revisions\/13297"}],"wp:featuredmedia":[{"embeddable":true,"href":"https:\/\/productbroker.shop\/es\/wp-json\/wp\/v2\/media\/13272"}],"wp:attachment":[{"href":"https:\/\/productbroker.shop\/es\/wp-json\/wp\/v2\/media?parent=13268"}],"wp:term":[{"taxonomy":"brand","embeddable":true,"href":"https:\/\/productbroker.shop\/es\/wp-json\/wp\/v2\/etheme_brands?post=13268"},{"taxonomy":"product_brand","embeddable":true,"href":"https:\/\/productbroker.shop\/es\/wp-json\/wp\/v2\/product_brand?post=13268"},{"taxonomy":"product_cat","embeddable":true,"href":"https:\/\/productbroker.shop\/es\/wp-json\/wp\/v2\/product_cat?post=13268"},{"taxonomy":"product_tag","embeddable":true,"href":"https:\/\/productbroker.shop\/es\/wp-json\/wp\/v2\/product_tag?post=13268"}],"curies":[{"name":"wp","href":"https:\/\/api.w.org\/{rel}","templated":true}]}}